{"id":5211,"date":"2023-10-12T07:46:20","date_gmt":"2023-10-12T07:46:20","guid":{"rendered":"https:\/\/tplabs.co\/tombuild\/?page_id=5211"},"modified":"2024-06-11T04:02:59","modified_gmt":"2024-06-11T01:02:59","slug":"vizyon-misyon","status":"publish","type":"page","link":"https:\/\/asetboya.com\/index.php\/vizyon-misyon\/","title":{"rendered":"Vizyon &#038; Misyon"},"content":{"rendered":"\t\t<div data-elementor-type=\"wp-page\" data-elementor-id=\"5211\" class=\"elementor elementor-5211\">\n\t\t\t\t\t\t<section class=\"elementor-section elementor-top-section elementor-element elementor-element-4095b77 elementor-section-boxed elementor-section-height-default elementor-section-height-default\" data-id=\"4095b77\" data-element_type=\"section\">\n\t\t\t\t\t\t<div class=\"elementor-container elementor-column-gap-default\">\n\t\t\t\t\t<div class=\"elementor-column elementor-col-100 elementor-top-column elementor-element elementor-element-446471f\" data-id=\"446471f\" data-element_type=\"column\" data-settings=\"{&quot;background_background&quot;:&quot;classic&quot;}\">\n\t\t\t<div class=\"elementor-widget-wrap elementor-element-populated\">\n\t\t\t\t\t\t<div class=\"elementor-element elementor-element-fd176db elementor-widget elementor-widget-spacer\" data-id=\"fd176db\" data-element_type=\"widget\" data-widget_type=\"spacer.default\">\n\t\t\t\t<div class=\"elementor-widget-container\">\n\t\t\t<style>\/*! elementor - v3.21.0 - 26-05-2024 *\/\n.elementor-column .elementor-spacer-inner{height:var(--spacer-size)}.e-con{--container-widget-width:100%}.e-con-inner>.elementor-widget-spacer,.e-con>.elementor-widget-spacer{width:var(--container-widget-width,var(--spacer-size));--align-self:var(--container-widget-align-self,initial);--flex-shrink:0}.e-con-inner>.elementor-widget-spacer>.elementor-widget-container,.e-con>.elementor-widget-spacer>.elementor-widget-container{height:100%;width:100%}.e-con-inner>.elementor-widget-spacer>.elementor-widget-container>.elementor-spacer,.e-con>.elementor-widget-spacer>.elementor-widget-container>.elementor-spacer{height:100%}.e-con-inner>.elementor-widget-spacer>.elementor-widget-container>.elementor-spacer>.elementor-spacer-inner,.e-con>.elementor-widget-spacer>.elementor-widget-container>.elementor-spacer>.elementor-spacer-inner{height:var(--container-widget-height,var(--spacer-size))}.e-con-inner>.elementor-widget-spacer.elementor-widget-empty,.e-con>.elementor-widget-spacer.elementor-widget-empty{position:relative;min-height:22px;min-width:22px}.e-con-inner>.elementor-widget-spacer.elementor-widget-empty .elementor-widget-empty-icon,.e-con>.elementor-widget-spacer.elementor-widget-empty .elementor-widget-empty-icon{position:absolute;top:0;bottom:0;left:0;right:0;margin:auto;padding:0;width:22px;height:22px}<\/style>\t\t<div class=\"elementor-spacer\">\n\t\t\t<div class=\"elementor-spacer-inner\"><\/div>\n\t\t<\/div>\n\t\t\t\t<\/div>\n\t\t\t\t<\/div>\n\t\t\t\t<div class=\"elementor-element elementor-element-21638b2 align-center heading-default elementor-widget elementor-widget-mae-headings\" data-id=\"21638b2\" data-element_type=\"widget\" data-widget_type=\"mae-headings.default\">\n\t\t\t\t<div class=\"elementor-widget-container\">\n\t\t\t\t\t<div class=\"master-heading sep-none\">\n\t\t\t\t\t\t\t        \n\t        \n\t        \t        <h2 class=\"main-heading\">Y\u00fczeylerde D\u00f6n\u00fc\u015f\u00fcm: Kalite, Yenilik ve \u00c7evre Dostu \u00c7\u00f6z\u00fcmlerle Gelece\u011fi \u015eekillendiriyoruz<span class=\"accent-color\">.<\/span><\/h2>\n\t        \n\t        \n\t        \t    <\/div>\n\t    \t\t<\/div>\n\t\t\t\t<\/div>\n\t\t\t\t<div class=\"elementor-element elementor-element-f673adc elementor-widget elementor-widget-spacer\" data-id=\"f673adc\" data-element_type=\"widget\" data-widget_type=\"spacer.default\">\n\t\t\t\t<div class=\"elementor-widget-container\">\n\t\t\t\t\t<div class=\"elementor-spacer\">\n\t\t\t<div class=\"elementor-spacer-inner\"><\/div>\n\t\t<\/div>\n\t\t\t\t<\/div>\n\t\t\t\t<\/div>\n\t\t\t\t\t<\/div>\n\t\t<\/div>\n\t\t\t\t\t<\/div>\n\t\t<\/section>\n\t\t\t\t<section class=\"elementor-section elementor-top-section elementor-element elementor-element-9ffcb68 elementor-section-boxed elementor-section-height-default elementor-section-height-default\" data-id=\"9ffcb68\" data-element_type=\"section\">\n\t\t\t\t\t\t<div class=\"elementor-container elementor-column-gap-default\">\n\t\t\t\t\t<div class=\"elementor-column elementor-col-100 elementor-top-column elementor-element elementor-element-e1d2a4f\" data-id=\"e1d2a4f\" data-element_type=\"column\">\n\t\t\t<div class=\"elementor-widget-wrap elementor-element-populated\">\n\t\t\t\t\t\t<section class=\"elementor-section elementor-inner-section elementor-element elementor-element-4cf8ba6 elementor-section-boxed elementor-section-height-default elementor-section-height-default\" data-id=\"4cf8ba6\" data-element_type=\"section\">\n\t\t\t\t\t\t<div class=\"elementor-container elementor-column-gap-no\">\n\t\t\t\t\t<div class=\"elementor-column elementor-col-50 elementor-inner-column elementor-element elementor-element-2db3150\" data-id=\"2db3150\" data-element_type=\"column\">\n\t\t\t<div class=\"elementor-widget-wrap elementor-element-populated\">\n\t\t\t\t\t\t<div class=\"elementor-element elementor-element-841f45c align-center icon-box-default icon-position-top elementor-widget elementor-widget-mae-icon-box\" data-id=\"841f45c\" data-element_type=\"widget\" data-widget_type=\"mae-icon-box.default\">\n\t\t\t\t<div class=\"elementor-widget-container\">\n\t\t\t                <div class=\"master-icon-box\" >\n                        \n            <div class=\"inner\">\n                <div class=\"icon-wrap\"><div class=\"master-icon\"><svg aria-hidden=\"true\" class=\"e-font-icon-svg e-fas-bullseye\" viewBox=\"0 0 496 512\" xmlns=\"http:\/\/www.w3.org\/2000\/svg\"><path d=\"M248 8C111.03 8 0 119.03 0 256s111.03 248 248 248 248-111.03 248-248S384.97 8 248 8zm0 432c-101.69 0-184-82.29-184-184 0-101.69 82.29-184 184-184 101.69 0 184 82.29 184 184 0 101.69-82.29 184-184 184zm0-312c-70.69 0-128 57.31-128 128s57.31 128 128 128 128-57.31 128-128-57.31-128-128-128zm0 192c-35.29 0-64-28.71-64-64s28.71-64 64-64 64 28.71 64 64-28.71 64-64 64z\"><\/path><\/svg><\/div><\/div>\n                <div class=\"text-wrap\">\n                    <h2 class=\"headline-2\">Vizyon<\/h2><div class=\"desc\">End\u00fcstriyel y\u00fczey kaplama sekt\u00f6r\u00fcnde \u00f6nc\u00fc olmak ve m\u00fc\u015fterilerimize kaliteli, yenilik\u00e7i ve \u00e7evre dostu \u00e7\u00f6z\u00fcmler sunarak sekt\u00f6rdeki standartlar\u0131 belirlemek.<\/div>                <\/div>\n            <\/div>\n\n            <div class=\"bg\"><\/div><div class=\"bg-hover\"><\/div>        <\/div>\n        \t\t<\/div>\n\t\t\t\t<\/div>\n\t\t\t\t\t<\/div>\n\t\t<\/div>\n\t\t\t\t<div class=\"elementor-column elementor-col-50 elementor-inner-column elementor-element elementor-element-f22364b\" data-id=\"f22364b\" data-element_type=\"column\">\n\t\t\t<div class=\"elementor-widget-wrap elementor-element-populated\">\n\t\t\t\t\t\t<div class=\"elementor-element elementor-element-b10e5b8 align-center icon-box-default icon-position-top elementor-widget elementor-widget-mae-icon-box\" data-id=\"b10e5b8\" data-element_type=\"widget\" data-widget_type=\"mae-icon-box.default\">\n\t\t\t\t<div class=\"elementor-widget-container\">\n\t\t\t                <div class=\"master-icon-box\" >\n                        \n            <div class=\"inner\">\n                <div class=\"icon-wrap\"><div class=\"master-icon\"><svg aria-hidden=\"true\" class=\"e-font-icon-svg e-fas-check-circle\" viewBox=\"0 0 512 512\" xmlns=\"http:\/\/www.w3.org\/2000\/svg\"><path d=\"M504 256c0 136.967-111.033 248-248 248S8 392.967 8 256 119.033 8 256 8s248 111.033 248 248zM227.314 387.314l184-184c6.248-6.248 6.248-16.379 0-22.627l-22.627-22.627c-6.248-6.249-16.379-6.249-22.628 0L216 308.118l-70.059-70.059c-6.248-6.248-16.379-6.248-22.628 0l-22.627 22.627c-6.248 6.248-6.248 16.379 0 22.627l104 104c6.249 6.249 16.379 6.249 22.628.001z\"><\/path><\/svg><\/div><\/div>\n                <div class=\"text-wrap\">\n                    <h2 class=\"headline-2\">Misyon<\/h2><div class=\"desc\">M\u00fc\u015fterilerimize m\u00fckemmel hizmet ve \u00fcr\u00fcnler sunarak onlar\u0131n beklentilerini a\u015fmay\u0131 hedefliyoruz. Teknolojik yeniliklerle s\u00fcrekli geli\u015fen ve \u00e7evreye duyarl\u0131 elektrostatik toz boya ve kumlama \u00e7\u00f6z\u00fcmleri sunarak end\u00fcstriyel sekt\u00f6rde s\u00fcrd\u00fcr\u00fclebilir bir gelecek i\u00e7in \u00e7al\u0131\u015f\u0131yoruz.<\/div>                <\/div>\n            <\/div>\n\n            <div class=\"bg\"><\/div><div class=\"bg-hover\"><\/div>        <\/div>\n        \t\t<\/div>\n\t\t\t\t<\/div>\n\t\t\t\t\t<\/div>\n\t\t<\/div>\n\t\t\t\t\t<\/div>\n\t\t<\/section>\n\t\t\t\t\t<\/div>\n\t\t<\/div>\n\t\t\t\t\t<\/div>\n\t\t<\/section>\n\t\t\t\t<section class=\"elementor-section elementor-top-section elementor-element elementor-element-9aeefe1 elementor-section-boxed elementor-section-height-default elementor-section-height-default\" data-id=\"9aeefe1\" data-element_type=\"section\">\n\t\t\t\t\t\t<div class=\"elementor-container elementor-column-gap-default\">\n\t\t\t\t\t<div class=\"elementor-column elementor-col-100 elementor-top-column elementor-element elementor-element-26cff40\" data-id=\"26cff40\" data-element_type=\"column\">\n\t\t\t<div class=\"elementor-widget-wrap\">\n\t\t\t\t\t\t\t<\/div>\n\t\t<\/div>\n\t\t\t\t\t<\/div>\n\t\t<\/section>\n\t\t\t\t<\/div>\n\t\t","protected":false},"excerpt":{"rendered":"<p>Y\u00fczeylerde D\u00f6n\u00fc\u015f\u00fcm: Kalite, Yenilik ve \u00c7evre Dostu \u00c7\u00f6z\u00fcmlerle Gelece\u011fi \u015eekillendiriyoruz. Vizyon End\u00fcstriyel y\u00fczey kaplama sekt\u00f6r\u00fcnde \u00f6nc\u00fc olmak ve m\u00fc\u015fterilerimize kaliteli, yenilik\u00e7i ve \u00e7evre dostu \u00e7\u00f6z\u00fcmler sunarak sekt\u00f6rdeki standartlar\u0131 belirlemek. Misyon M\u00fc\u015fterilerimize m\u00fckemmel hizmet ve \u00fcr\u00fcnler sunarak onlar\u0131n beklentilerini a\u015fmay\u0131 hedefliyoruz. Teknolojik yeniliklerle s\u00fcrekli geli\u015fen ve \u00e7evreye duyarl\u0131 elektrostatik toz boya<\/p>\n","protected":false},"author":1,"featured_media":0,"parent":0,"menu_order":0,"comment_status":"closed","ping_status":"closed","template":"","meta":{"inline_featured_image":false,"footnotes":""},"class_list":["post-5211","page","type-page","status-publish","hentry"],"_links":{"self":[{"href":"https:\/\/asetboya.com\/index.php\/wp-json\/wp\/v2\/pages\/5211","targetHints":{"allow":["GET"]}}],"collection":[{"href":"https:\/\/asetboya.com\/index.php\/wp-json\/wp\/v2\/pages"}],"about":[{"href":"https:\/\/asetboya.com\/index.php\/wp-json\/wp\/v2\/types\/page"}],"author":[{"embeddable":true,"href":"https:\/\/asetboya.com\/index.php\/wp-json\/wp\/v2\/users\/1"}],"replies":[{"embeddable":true,"href":"https:\/\/asetboya.com\/index.php\/wp-json\/wp\/v2\/comments?post=5211"}],"version-history":[{"count":10,"href":"https:\/\/asetboya.com\/index.php\/wp-json\/wp\/v2\/pages\/5211\/revisions"}],"predecessor-version":[{"id":6050,"href":"https:\/\/asetboya.com\/index.php\/wp-json\/wp\/v2\/pages\/5211\/revisions\/6050"}],"wp:attachment":[{"href":"https:\/\/asetboya.com\/index.php\/wp-json\/wp\/v2\/media?parent=5211"}],"curies":[{"name":"wp","href":"https:\/\/api.w.org\/{rel}","templated":true}]}}